{"id":10,"date":"2023-08-04T12:25:26","date_gmt":"2023-08-04T10:25:26","guid":{"rendered":"https:\/\/shop.ganalis.com\/?page_id=10"},"modified":"2023-08-09T17:24:00","modified_gmt":"2023-08-09T15:24:00","slug":"tarifs","status":"publish","type":"page","link":"https:\/\/shop.ganalis.com\/en\/tarifs\/","title":{"rendered":"Tarifs"},"content":{"rendered":"<div data-elementor-type=\"wp-page\" data-elementor-id=\"10\" class=\"elementor elementor-10\">\n\t\t\t\t\t\t\t\t\t<section class=\"elementor-section elementor-top-section elementor-element elementor-element-5331777 elementor-section-boxed elementor-section-height-default elementor-section-height-default\" data-id=\"5331777\" data-element_type=\"section\">\n\t\t\t\t\t\t<div class=\"elementor-container elementor-column-gap-default\">\n\t\t\t\t\t<div class=\"elementor-column elementor-col-100 elementor-top-column elementor-element elementor-element-b9f0011\" data-id=\"b9f0011\" data-element_type=\"column\">\n\t\t\t<div class=\"elementor-widget-wrap elementor-element-populated\">\n\t\t\t\t\t\t\t\t<div class=\"elementor-element elementor-element-204cf8a elementor-invisible elementor-widget elementor-widget-bdt-switcher\" data-id=\"204cf8a\" data-element_type=\"widget\" data-settings=\"{&quot;_animation&quot;:&quot;fadeIn&quot;}\" data-widget_type=\"bdt-switcher.default\">\n\t\t\t\t<div class=\"elementor-widget-container\">\n\t\t\t\t\t<div id=\"bdt-tabs-204cf8a\" class=\"bdt-switchers\" data-activator=\"{&quot;id&quot;:&quot;204cf8a&quot;,&quot;switchA&quot;:&quot;.not-select&quot;,&quot;switchB&quot;:&quot;.not-select&quot;}\">\n\n\t\t\t\n\t\t\t<div class=\"bdt-tabs-container\">\n\t\t\t\t<div class=\"bdt-tab bdt-tab-default\" data-bdt-tab=\"{&quot;connect&quot;:&quot;#bdt-switcher-204cf8a&quot;}\" id=\"bdt-switcher-activator-204cf8a\">\n\t\t\t\t\t\t\t\t\t\t<div class=\"bdt-tabs-item\">\n\t\t\t\t\t\t<a class=\"bdt-tabs-item-a-title\" href=\"#\">\n\t\t\t\t\t\t\t<div class=\"bdt-tab-text-wrapper\">\n\n\t\t\t\t\t\t\t\t\n\t\t\t\t\t\t\t\t\t\t\t\t\t\t\t\t\t<span class=\"bdt-tab-text\">Installation simple<\/span>\n\t\t\t\t\t\t\t\t\n\t\t\t\t\t\t\t\t\n\t\t\t\t\t\t\t<\/div>\n\t\t\t\t\t\t<\/a>\n\t\t\t\t\t\t\t\t\t\t\t<\/div>\n\n\t\t\t\t\t<div class=\"bdt-tabs-item\">\n\t\t\t\t\t\t<a class=\"bdt-tabs-item-b-title\" href=\"#\">\n\t\t\t\t\t\t\t<div class=\"bdt-tab-text-wrapper\">\n\n\t\t\t\t\t\t\t\t\n\t\t\t\t\t\t\t\t\t\t\t\t\t\t\t\t\t<span class=\"bdt-tab-text\">Installation sur devis <\/span>\n\t\t\t\t\t\t\t\t\n\t\t\t\t\t\t\t\t\n\t\t\t\t\t\t\t<\/div>\n\t\t\t\t\t\t<\/a>\n\t\t\t\t\t\t\t\t\t\t\t<\/div>\n\n\t\t\t\t<\/div>\n\t\t\t<\/div>\n\n\t\t\t\t\t\t\t<div class=\"bdt-switcher-wrapper\">\n\n\t\t\t\t\t\n\t\t<div id=\"bdt-switcher-204cf8a\" class=\"bdt-switcher bdt-switcher-item-content\">\n\n\t\t\t<div class=\"bdt-switcher-item-content-inner\">\n\t\t\t\t<div>\n\n\t\t\t\t\t\t\t<div data-elementor-type=\"section\" data-elementor-id=\"2092\" class=\"elementor elementor-2092\">\n\t\t<div class=\"elementor-section-wrap\">\n\t\t\t\t\t<section class=\"elementor-section elementor-top-section elementor-element elementor-element-2bfdc59e elementor-section-boxed elementor-section-height-default elementor-section-height-default\" data-id=\"2bfdc59e\" data-element_type=\"section\">\n\t\t\t\t\t\t<div class=\"elementor-container elementor-column-gap-default\">\n\t\t\t\t\t<div class=\"elementor-column elementor-col-100 elementor-top-column elementor-element elementor-element-6fd19e3f\" data-id=\"6fd19e3f\" data-element_type=\"column\">\n\t\t\t<div class=\"elementor-widget-wrap elementor-element-populated\">\n\t\t\t\t\t\t\t\t<div class=\"elementor-element elementor-element-31c77785 elementor-widget__width-initial bdt-pt-overflow-hidden--yes bdt-price-table-divider--yes elementor-widget elementor-widget-bdt-price-table\" data-id=\"31c77785\" data-element_type=\"widget\" data-widget_type=\"bdt-price-table.default\">\n\t\t\t\t<div class=\"elementor-widget-container\">\n\t\t\t\t\t<div class=\"bdt-price-table bdt-price-table-skin-default\">\n\t\t\t\t\t\t<div class=\"bdt-price-table-header\">\n\t\t\t\t\t\t\t\t\t<h3 class=\"bdt-price-table-heading\">\n\t\t\t\t\t\tAchat d&#039;une licence\t\t\t\t\t<\/h3>\n\t\t\t\t\n\t\t\t\t\t\t\t<\/div>\n\t\t\n\t\t<div class=\"bdt-price-table-price\">\n\t\t\t\n\t\t\t\n\t\t\t\t\t\t\t<span class=\"bdt-price-table-integer-part\" >\n\t\t\t\t\t50.000\t\t\t\t<\/span>\n\t\t\t\n\t\t\t\n\t\t\t\t\t\t\t<span class=\"bdt-price-table-currency\">\n\t\t\t\t\tFCFA\t\t\t\t<\/span>\n\t\t\t\n\t\t\t\t\t\t\t<span class=\"bdt-price-table-period elementor-typo-excluded bdt-price-table-period-position-below\">Annuelle <\/span>\t\t\t\t\t<\/div>\n\t\t\t\t\t<ul class=\"bdt-price-table-features-list\">\n\t\t\t\t\t\t\t\t\t<li class=\"elementor-repeater-item-bbf44e8\">\n\t\t\t\t\t\t<div class=\"bdt-price-table-feature-inner\">\n\t\t\t\t\t\t\t\n\t\t\t\t\t\t\t\t<i aria-hidden=\"true\" class=\"fa-fw fas fa-check\"><\/i>\n\t\t\t\t\t\t\t\t\t\t\t\t\t\t\t\t\t\t\t\t\t\t<div class=\"bdt-price-table-feature-text bdt-display-inline-block\">\n\t\t\t\t\t\t\t\t\tFrais de formation inclus\t\t\t\t\t\t\t\t<\/div>\n\t\t\t\t\t\t\t\t\t\t\t\t\t<\/div>\n\t\t\t\t\t<\/li>\n\t\t\t\t\t\t\t<\/ul>\n\t\t\t\t\t<div class=\"bdt-price-table-footer\">\n\n\n\t\t\t\t\t\t\t\t<div class=\"bdt-price-table-btn-wrap\">\n\t\t\t\t\t<a class=\"bdt-price-table-button elementor-button elementor-size-md\" href=\"\/en\/237674501865\/\">\n\t\t\t\t\t\tCommander \t\t\t\t\t<\/a>\n\t\t\t\t<\/div>\n\t\t\t\n\t\t\t\t\t\t\t\t\t<div class=\"bdt-price-table-additional_info\">\n\t\t\t\t\t\t\u00a92023 Ganalis\t\t\t\t\t<\/div>\n\t\t\t\t\t\t\t<\/div>\n\t\t\t\t\t<\/div>\n\t\t<\/div>\n\t\t\t\t<\/div>\n\t\t\t\t<div class=\"elementor-element elementor-element-5df53100 elementor-widget__width-initial bdt-pt-overflow-hidden--yes bdt-price-table-divider--yes elementor-widget elementor-widget-bdt-price-table\" data-id=\"5df53100\" data-element_type=\"widget\" data-widget_type=\"bdt-price-table.default\">\n\t\t\t\t<div class=\"elementor-widget-container\">\n\t\t\t\t\t<div class=\"bdt-price-table bdt-price-table-skin-default\">\n\t\t\t\t\t\t<div class=\"bdt-price-table-header\">\n\t\t\t\t\t\t\t\t\t<h3 class=\"bdt-price-table-heading\">\n\t\t\t\t\t\tFRAIS D&#039;INSTALLATION\t\t\t\t\t<\/h3>\n\t\t\t\t\n\t\t\t\t\t\t\t<\/div>\n\t\t\n\t\t<div class=\"bdt-price-table-price\">\n\t\t\t\n\t\t\t\n\t\t\t\t\t\t\t<span class=\"bdt-price-table-integer-part\" >\n\t\t\t\t\t15.000\t\t\t\t<\/span>\n\t\t\t\n\t\t\t\n\t\t\t\t\t\t\t<span class=\"bdt-price-table-currency\">\n\t\t\t\t\tFCFA\t\t\t\t<\/span>\n\t\t\t\n\t\t\t\t\t\t\t<span class=\"bdt-price-table-period elementor-typo-excluded bdt-price-table-period-position-below\">Annuelle <\/span>\t\t\t\t\t<\/div>\n\t\t\t\t\t<ul class=\"bdt-price-table-features-list\">\n\t\t\t\t\t\t\t\t\t<li class=\"elementor-repeater-item-bbf44e8\">\n\t\t\t\t\t\t<div class=\"bdt-price-table-feature-inner\">\n\t\t\t\t\t\t\t\t\t\t\t\t\t\t&nbsp;\t\t\t\t\t\t<\/div>\n\t\t\t\t\t<\/li>\n\t\t\t\t\t\t\t<\/ul>\n\t\t\t\t\t<div class=\"bdt-price-table-footer\">\n\n\n\t\t\t\t\t\t\t\t<div class=\"bdt-price-table-btn-wrap\">\n\t\t\t\t\t<a class=\"bdt-price-table-button elementor-button elementor-size-md\" href=\"#\">\n\t\t\t\t\t\tCommander \t\t\t\t\t<\/a>\n\t\t\t\t<\/div>\n\t\t\t\n\t\t\t\t\t\t\t\t\t<div class=\"bdt-price-table-additional_info\">\n\t\t\t\t\t\t\u00a92023 Ganalis\t\t\t\t\t<\/div>\n\t\t\t\t\t\t\t<\/div>\n\t\t\t\t\t<\/div>\n\t\t<\/div>\n\t\t\t\t<\/div>\n\t\t\t\t\t<\/div>\n\t\t<\/div>\n\t\t\t\t\t\t\t<\/div>\n\t\t<\/section>\n\t\t\t\t<\/div>\n\t\t<\/div>\n\t\t\n\t\t\t\t<\/div>\n\t\t\t<\/div>\n\n\t\t\t<div class=\"bdt-switcher-item-content-inner\">\n\t\t\t\t<div>\n\n\t\t\t\t\t\t\t<div data-elementor-type=\"section\" data-elementor-id=\"2089\" class=\"elementor elementor-2089\">\n\t\t<div class=\"elementor-section-wrap\">\n\t\t\t\t\t<section class=\"elementor-section elementor-top-section elementor-element elementor-element-2d991c93 elementor-section-boxed elementor-section-height-default elementor-section-height-default\" data-id=\"2d991c93\" data-element_type=\"section\">\n\t\t\t\t\t\t<div class=\"elementor-container elementor-column-gap-default\">\n\t\t\t\t\t<div class=\"elementor-column elementor-col-100 elementor-top-column elementor-element elementor-element-53341ec4\" data-id=\"53341ec4\" data-element_type=\"column\">\n\t\t\t<div class=\"elementor-widget-wrap elementor-element-populated\">\n\t\t\t\t\t\t\t\t<section class=\"elementor-section elementor-inner-section elementor-element elementor-element-fa6bd78 elementor-section-boxed elementor-section-height-default elementor-section-height-default\" data-id=\"fa6bd78\" data-element_type=\"section\" data-settings=\"{&quot;shape_divider_bottom&quot;:&quot;mountains&quot;}\">\n\t\t\t\t\t<div class=\"elementor-shape elementor-shape-bottom\" data-negative=\"false\">\n\t\t\t<svg xmlns=\"http:\/\/www.w3.org\/2000\/svg\" viewbox=\"0 0 1000 100\" preserveaspectratio=\"none\">\n\t<path class=\"elementor-shape-fill\" opacity=\"0.33\" d=\"M473,67.3c-203.9,88.3-263.1-34-320.3,0C66,119.1,0,59.7,0,59.7V0h1000v59.7 c0,0-62.1,26.1-94.9,29.3c-32.8,3.3-62.8-12.3-75.8-22.1C806,49.6,745.3,8.7,694.9,4.7S492.4,59,473,67.3z\"\/>\n\t<path class=\"elementor-shape-fill\" opacity=\"0.66\" d=\"M734,67.3c-45.5,0-77.2-23.2-129.1-39.1c-28.6-8.7-150.3-10.1-254,39.1 s-91.7-34.4-149.2,0C115.7,118.3,0,39.8,0,39.8V0h1000v36.5c0,0-28.2-18.5-92.1-18.5C810.2,18.1,775.7,67.3,734,67.3z\"\/>\n\t<path class=\"elementor-shape-fill\" d=\"M766.1,28.9c-200-57.5-266,65.5-395.1,19.5C242,1.8,242,5.4,184.8,20.6C128,35.8,132.3,44.9,89.9,52.5C28.6,63.7,0,0,0,0 h1000c0,0-9.9,40.9-83.6,48.1S829.6,47,766.1,28.9z\"\/>\n<\/svg>\t\t<\/div>\n\t\t\t\t\t<div class=\"elementor-container elementor-column-gap-default\">\n\t\t\t\t\t<div class=\"elementor-column elementor-col-100 elementor-inner-column elementor-element elementor-element-001c66c\" data-id=\"001c66c\" data-element_type=\"column\">\n\t\t\t<div class=\"elementor-widget-wrap elementor-element-populated\">\n\t\t\t\t\t\t\t\t<div class=\"elementor-element elementor-element-2dc2bb47 elementor-widget elementor-widget-image\" data-id=\"2dc2bb47\" data-element_type=\"widget\" data-widget_type=\"image.default\">\n\t\t\t\t<div class=\"elementor-widget-container\">\n\t\t\t<style>\/*! elementor - v3.15.0 - 02-08-2023 *\/\n.elementor-widget-image{text-align:center}.elementor-widget-image a{display:inline-block}.elementor-widget-image a img[src$=\".svg\"]{width:48px}.elementor-widget-image img{vertical-align:middle;display:inline-block}<\/style>\t\t\t\t\t\t\t\t\t\t\t\t<img decoding=\"async\" width=\"800\" height=\"431\" src=\"https:\/\/shop.ganalis.com\/wp-content\/uploads\/2023\/08\/Plan-de-travail-1.jpg\" class=\"attachment-large size-large wp-image-1938\" alt=\"\" loading=\"lazy\" srcset=\"https:\/\/shop.ganalis.com\/wp-content\/uploads\/2023\/08\/Plan-de-travail-1.jpg 965w, https:\/\/shop.ganalis.com\/wp-content\/uploads\/2023\/08\/Plan-de-travail-1-300x162.jpg 300w, https:\/\/shop.ganalis.com\/wp-content\/uploads\/2023\/08\/Plan-de-travail-1-768x414.jpg 768w, https:\/\/shop.ganalis.com\/wp-content\/uploads\/2023\/08\/Plan-de-travail-1-18x10.jpg 18w\" sizes=\"(max-width: 800px) 100vw, 800px\" \/>\t\t\t\t\t\t\t\t\t\t\t\t\t\t\t<\/div>\n\t\t\t\t<\/div>\n\t\t\t\t\t<\/div>\n\t\t<\/div>\n\t\t\t\t\t\t\t<\/div>\n\t\t<\/section>\n\t\t\t\t<div class=\"elementor-element elementor-element-39501822 elementor-widget elementor-widget-text-editor\" data-id=\"39501822\" data-element_type=\"widget\" data-widget_type=\"text-editor.default\">\n\t\t\t\t<div class=\"elementor-widget-container\">\n\t\t\t<style>\/*! elementor - v3.15.0 - 02-08-2023 *\/\n.elementor-widget-text-editor.elementor-drop-cap-view-stacked .elementor-drop-cap{background-color:#69727d;color:#fff}.elementor-widget-text-editor.elementor-drop-cap-view-framed .elementor-drop-cap{color:#69727d;border:3px solid;background-color:transparent}.elementor-widget-text-editor:not(.elementor-drop-cap-view-default) .elementor-drop-cap{margin-top:8px}.elementor-widget-text-editor:not(.elementor-drop-cap-view-default) .elementor-drop-cap-letter{width:1em;height:1em}.elementor-widget-text-editor .elementor-drop-cap{float:left;text-align:center;line-height:1;font-size:50px}.elementor-widget-text-editor .elementor-drop-cap-letter{display:inline-block}<\/style>\t\t\t\t<p>Si vous avez besoin d&rsquo;un devis personnalis\u00e9 pour l&rsquo;installation de notre logiciel de gestion de stock Ganalis Shop, n&rsquo;h\u00e9sitez pas \u00e0 nous contacter directement. Nous sommes l\u00e0 pour vous aider !<\/p>\t\t\t\t\t\t<\/div>\n\t\t\t\t<\/div>\n\t\t\t\t<div class=\"elementor-element elementor-element-2ae13655 elementor-align-center elementor-widget elementor-widget-button\" data-id=\"2ae13655\" data-element_type=\"widget\" data-widget_type=\"button.default\">\n\t\t\t\t<div class=\"elementor-widget-container\">\n\t\t\t\t\t<div class=\"elementor-button-wrapper\">\n\t\t\t<a class=\"elementor-button elementor-button-link elementor-size-md\" href=\"http:\/\/237674501865\">\n\t\t\t\t\t\t<span class=\"elementor-button-content-wrapper\">\n\t\t\t\t\t\t<span class=\"elementor-button-text\">Contacter nous maintenant pour un devis<\/span>\n\t\t<\/span>\n\t\t\t\t\t<\/a>\n\t\t<\/div>\n\t\t\t\t<\/div>\n\t\t\t\t<\/div>\n\t\t\t\t\t<\/div>\n\t\t<\/div>\n\t\t\t\t\t\t\t<\/div>\n\t\t<\/section>\n\t\t\t\t<\/div>\n\t\t<\/div>\n\t\t\n\t\t\t\t<\/div>\n\t\t\t<\/div>\n\n\t\t<\/div>\n\n\t\n\t\t\t\t<\/div>\n\t\t\t\n\t\t<\/div>\n\n\n\t\t<\/div>\n\t\t\t\t<\/div>\n\t\t\t\t\t<\/div>\n\t\t<\/div>\n\t\t\t\t\t\t\t<\/div>\n\t\t<\/section>\n\t\t\t\t\t\t\t<\/div>","protected":false},"excerpt":{"rendered":"<p>Installation simple Installation sur devis Achat d&#039;une licence 50.000 FCFA Annuelle Frais de formation inclus Commander \u00a92023 Ganalis FRAIS D&#039;INSTALLATION 15.000 FCFA Annuelle &nbsp; Commander \u00a92023 Ganalis Si vous avez besoin d&#8217;un devis personnalis\u00e9 pour l&#8217;installation de notre logiciel de gestion de stock Ganalis Shop, n&#8217;h\u00e9sitez pas \u00e0 nous contacter directement. Nous sommes l\u00e0 pour [&hellip;]<\/p>","protected":false},"author":1,"featured_media":0,"parent":0,"menu_order":0,"comment_status":"closed","ping_status":"closed","template":"","meta":[],"yoast_head":"<!-- This site is optimized with the Yoast SEO plugin v20.12 - https:\/\/yoast.com\/wordpress\/plugins\/seo\/ -->\n<title>Tarifs - Ganalis Shop<\/title>\n<meta name=\"robots\" content=\"index, follow, max-snippet:-1, max-image-preview:large, max-video-preview:-1\" \/>\n<link rel=\"canonical\" href=\"https:\/\/shop.ganalis.com\/en\/tarifs\/\" \/>\n<meta property=\"og:locale\" content=\"en_US\" \/>\n<meta property=\"og:type\" content=\"article\" \/>\n<meta property=\"og:title\" content=\"Tarifs - Ganalis Shop\" \/>\n<meta property=\"og:description\" content=\"Installation simple Installation sur devis Achat d&#039;une licence 50.000 FCFA Annuelle Frais de formation inclus Commander \u00a92023 Ganalis FRAIS D&#039;INSTALLATION 15.000 FCFA Annuelle &nbsp; Commander \u00a92023 Ganalis Si vous avez besoin d&#8217;un devis personnalis\u00e9 pour l&#8217;installation de notre logiciel de gestion de stock Ganalis Shop, n&#8217;h\u00e9sitez pas \u00e0 nous contacter directement. Nous sommes l\u00e0 pour [&hellip;]\" \/>\n<meta property=\"og:url\" content=\"https:\/\/shop.ganalis.com\/en\/tarifs\/\" \/>\n<meta property=\"og:site_name\" content=\"Ganalis Shop\" \/>\n<meta property=\"article:modified_time\" content=\"2023-08-09T15:24:00+00:00\" \/>\n<meta property=\"og:image\" content=\"https:\/\/shop.ganalis.com\/wp-content\/uploads\/2023\/08\/Plan-de-travail-1.jpg\" \/>\n<meta name=\"twitter:card\" content=\"summary_large_image\" \/>\n<meta name=\"twitter:label1\" content=\"Est. reading time\" \/>\n\t<meta name=\"twitter:data1\" content=\"2 minutes\" \/>\n<script type=\"application\/ld+json\" class=\"yoast-schema-graph\">{\"@context\":\"https:\/\/schema.org\",\"@graph\":[{\"@type\":\"WebPage\",\"@id\":\"https:\/\/shop.ganalis.com\/tarifs\/\",\"url\":\"https:\/\/shop.ganalis.com\/tarifs\/\",\"name\":\"Tarifs - Ganalis Shop\",\"isPartOf\":{\"@id\":\"https:\/\/shop.ganalis.com\/#website\"},\"datePublished\":\"2023-08-04T10:25:26+00:00\",\"dateModified\":\"2023-08-09T15:24:00+00:00\",\"breadcrumb\":{\"@id\":\"https:\/\/shop.ganalis.com\/tarifs\/#breadcrumb\"},\"inLanguage\":\"en-US\",\"potentialAction\":[{\"@type\":\"ReadAction\",\"target\":[\"https:\/\/shop.ganalis.com\/tarifs\/\"]}]},{\"@type\":\"BreadcrumbList\",\"@id\":\"https:\/\/shop.ganalis.com\/tarifs\/#breadcrumb\",\"itemListElement\":[{\"@type\":\"ListItem\",\"position\":1,\"name\":\"Accueil\",\"item\":\"https:\/\/shop.ganalis.com\/\"},{\"@type\":\"ListItem\",\"position\":2,\"name\":\"Tarifs\"}]},{\"@type\":\"WebSite\",\"@id\":\"https:\/\/shop.ganalis.com\/#website\",\"url\":\"https:\/\/shop.ganalis.com\/\",\"name\":\"Ganalis Shop\",\"description\":\"\",\"publisher\":{\"@id\":\"https:\/\/shop.ganalis.com\/#organization\"},\"potentialAction\":[{\"@type\":\"SearchAction\",\"target\":{\"@type\":\"EntryPoint\",\"urlTemplate\":\"https:\/\/shop.ganalis.com\/?s={search_term_string}\"},\"query-input\":\"required name=search_term_string\"}],\"inLanguage\":\"en-US\"},{\"@type\":\"Organization\",\"@id\":\"https:\/\/shop.ganalis.com\/#organization\",\"name\":\"Ganalis Shop\",\"url\":\"https:\/\/shop.ganalis.com\/\",\"logo\":{\"@type\":\"ImageObject\",\"inLanguage\":\"en-US\",\"@id\":\"https:\/\/shop.ganalis.com\/#\/schema\/logo\/image\/\",\"url\":\"https:\/\/shop.ganalis.com\/wp-content\/uploads\/2023\/08\/logo-shop2.svg\",\"contentUrl\":\"https:\/\/shop.ganalis.com\/wp-content\/uploads\/2023\/08\/logo-shop2.svg\",\"width\":1447,\"height\":347,\"caption\":\"Ganalis Shop\"},\"image\":{\"@id\":\"https:\/\/shop.ganalis.com\/#\/schema\/logo\/image\/\"}}]}<\/script>\n<!-- \/ Yoast SEO plugin. -->","yoast_head_json":{"title":"Tarifs - Ganalis Shop","robots":{"index":"index","follow":"follow","max-snippet":"max-snippet:-1","max-image-preview":"max-image-preview:large","max-video-preview":"max-video-preview:-1"},"canonical":"https:\/\/shop.ganalis.com\/en\/tarifs\/","og_locale":"en_US","og_type":"article","og_title":"Tarifs - Ganalis Shop","og_description":"Installation simple Installation sur devis Achat d&#039;une licence 50.000 FCFA Annuelle Frais de formation inclus Commander \u00a92023 Ganalis FRAIS D&#039;INSTALLATION 15.000 FCFA Annuelle &nbsp; Commander \u00a92023 Ganalis Si vous avez besoin d&#8217;un devis personnalis\u00e9 pour l&#8217;installation de notre logiciel de gestion de stock Ganalis Shop, n&#8217;h\u00e9sitez pas \u00e0 nous contacter directement. Nous sommes l\u00e0 pour [&hellip;]","og_url":"https:\/\/shop.ganalis.com\/en\/tarifs\/","og_site_name":"Ganalis Shop","article_modified_time":"2023-08-09T15:24:00+00:00","og_image":[{"url":"https:\/\/shop.ganalis.com\/wp-content\/uploads\/2023\/08\/Plan-de-travail-1.jpg"}],"twitter_card":"summary_large_image","twitter_misc":{"Est. reading time":"2 minutes"},"schema":{"@context":"https:\/\/schema.org","@graph":[{"@type":"WebPage","@id":"https:\/\/shop.ganalis.com\/tarifs\/","url":"https:\/\/shop.ganalis.com\/tarifs\/","name":"Tarifs - Ganalis Shop","isPartOf":{"@id":"https:\/\/shop.ganalis.com\/#website"},"datePublished":"2023-08-04T10:25:26+00:00","dateModified":"2023-08-09T15:24:00+00:00","breadcrumb":{"@id":"https:\/\/shop.ganalis.com\/tarifs\/#breadcrumb"},"inLanguage":"en-US","potentialAction":[{"@type":"ReadAction","target":["https:\/\/shop.ganalis.com\/tarifs\/"]}]},{"@type":"BreadcrumbList","@id":"https:\/\/shop.ganalis.com\/tarifs\/#breadcrumb","itemListElement":[{"@type":"ListItem","position":1,"name":"Accueil","item":"https:\/\/shop.ganalis.com\/"},{"@type":"ListItem","position":2,"name":"Tarifs"}]},{"@type":"WebSite","@id":"https:\/\/shop.ganalis.com\/#website","url":"https:\/\/shop.ganalis.com\/","name":"Ganalis Shop","description":"","publisher":{"@id":"https:\/\/shop.ganalis.com\/#organization"},"potentialAction":[{"@type":"SearchAction","target":{"@type":"EntryPoint","urlTemplate":"https:\/\/shop.ganalis.com\/?s={search_term_string}"},"query-input":"required name=search_term_string"}],"inLanguage":"en-US"},{"@type":"Organization","@id":"https:\/\/shop.ganalis.com\/#organization","name":"Ganalis Shop","url":"https:\/\/shop.ganalis.com\/","logo":{"@type":"ImageObject","inLanguage":"en-US","@id":"https:\/\/shop.ganalis.com\/#\/schema\/logo\/image\/","url":"https:\/\/shop.ganalis.com\/wp-content\/uploads\/2023\/08\/logo-shop2.svg","contentUrl":"https:\/\/shop.ganalis.com\/wp-content\/uploads\/2023\/08\/logo-shop2.svg","width":1447,"height":347,"caption":"Ganalis Shop"},"image":{"@id":"https:\/\/shop.ganalis.com\/#\/schema\/logo\/image\/"}}]}},"_links":{"self":[{"href":"https:\/\/shop.ganalis.com\/en\/wp-json\/wp\/v2\/pages\/10"}],"collection":[{"href":"https:\/\/shop.ganalis.com\/en\/wp-json\/wp\/v2\/pages"}],"about":[{"href":"https:\/\/shop.ganalis.com\/en\/wp-json\/wp\/v2\/types\/page"}],"author":[{"embeddable":true,"href":"https:\/\/shop.ganalis.com\/en\/wp-json\/wp\/v2\/users\/1"}],"replies":[{"embeddable":true,"href":"https:\/\/shop.ganalis.com\/en\/wp-json\/wp\/v2\/comments?post=10"}],"version-history":[{"count":76,"href":"https:\/\/shop.ganalis.com\/en\/wp-json\/wp\/v2\/pages\/10\/revisions"}],"predecessor-version":[{"id":2131,"href":"https:\/\/shop.ganalis.com\/en\/wp-json\/wp\/v2\/pages\/10\/revisions\/2131"}],"wp:attachment":[{"href":"https:\/\/shop.ganalis.com\/en\/wp-json\/wp\/v2\/media?parent=10"}],"curies":[{"name":"wp","href":"https:\/\/api.w.org\/{rel}","templated":true}]}}