{"id":1610,"date":"2023-08-08T15:21:07","date_gmt":"2023-08-08T13:21:07","guid":{"rendered":"https:\/\/shop.ganalis.com\/?page_id=1610"},"modified":"2023-08-09T17:18:36","modified_gmt":"2023-08-09T15:18:36","slug":"a-propos","status":"publish","type":"page","link":"https:\/\/shop.ganalis.com\/en\/a-propos\/","title":{"rendered":"A propos"},"content":{"rendered":"<div data-elementor-type=\"wp-page\" data-elementor-id=\"1610\" class=\"elementor elementor-1610\">\n\t\t\t\t\t\t\t\t\t<section class=\"elementor-section elementor-top-section elementor-element elementor-element-8347f23 elementor-section-boxed elementor-section-height-default elementor-section-height-default\" data-id=\"8347f23\" data-element_type=\"section\">\n\t\t\t\t\t\t<div class=\"elementor-container elementor-column-gap-default\">\n\t\t\t\t\t<div class=\"elementor-column elementor-col-100 elementor-top-column elementor-element elementor-element-d77dbe3\" data-id=\"d77dbe3\" data-element_type=\"column\">\n\t\t\t<div class=\"elementor-widget-wrap elementor-element-populated\">\n\t\t\t\t\t\t\t\t<div class=\"elementor-element elementor-element-84d12a9 elementor-widget elementor-widget-spacer\" data-id=\"84d12a9\" data-element_type=\"widget\" data-widget_type=\"spacer.default\">\n\t\t\t\t<div class=\"elementor-widget-container\">\n\t\t\t<style>\/*! elementor - v3.15.0 - 02-08-2023 *\/\n.elementor-column .elementor-spacer-inner{height:var(--spacer-size)}.e-con{--container-widget-width:100%}.e-con-inner>.elementor-widget-spacer,.e-con>.elementor-widget-spacer{width:var(--container-widget-width,var(--spacer-size));--align-self:var(--container-widget-align-self,initial);--flex-shrink:0}.e-con-inner>.elementor-widget-spacer>.elementor-widget-container,.e-con-inner>.elementor-widget-spacer>.elementor-widget-container>.elementor-spacer,.e-con>.elementor-widget-spacer>.elementor-widget-container,.e-con>.elementor-widget-spacer>.elementor-widget-container>.elementor-spacer{height:100%}.e-con-inner>.elementor-widget-spacer>.elementor-widget-container>.elementor-spacer>.elementor-spacer-inner,.e-con>.elementor-widget-spacer>.elementor-widget-container>.elementor-spacer>.elementor-spacer-inner{height:var(--container-widget-height,var(--spacer-size))}<\/style>\t\t<div class=\"elementor-spacer\">\n\t\t\t<div class=\"elementor-spacer-inner\"><\/div>\n\t\t<\/div>\n\t\t\t\t<\/div>\n\t\t\t\t<\/div>\n\t\t\t\t<div class=\"elementor-element elementor-element-56b4d2a elementor-widget elementor-widget-heading\" data-id=\"56b4d2a\" data-element_type=\"widget\" data-widget_type=\"heading.default\">\n\t\t\t\t<div class=\"elementor-widget-container\">\n\t\t\t<style>\/*! elementor - v3.15.0 - 02-08-2023 *\/\n.elementor-heading-title{padding:0;margin:0;line-height:1}.elementor-widget-heading .elementor-heading-title[class*=elementor-size-]>a{color:inherit;font-size:inherit;line-height:inherit}.elementor-widget-heading .elementor-heading-title.elementor-size-small{font-size:15px}.elementor-widget-heading .elementor-heading-title.elementor-size-medium{font-size:19px}.elementor-widget-heading .elementor-heading-title.elementor-size-large{font-size:29px}.elementor-widget-heading .elementor-heading-title.elementor-size-xl{font-size:39px}.elementor-widget-heading .elementor-heading-title.elementor-size-xxl{font-size:59px}<\/style><h2 class=\"elementor-heading-title elementor-size-default\">A propos de Ganalis Shop<\/h2>\t\t<\/div>\n\t\t\t\t<\/div>\n\t\t\t\t<div class=\"elementor-element elementor-element-e15b862 elementor-widget elementor-widget-spacer\" data-id=\"e15b862\" data-element_type=\"widget\" data-widget_type=\"spacer.default\">\n\t\t\t\t<div class=\"elementor-widget-container\">\n\t\t\t\t\t<div class=\"elementor-spacer\">\n\t\t\t<div class=\"elementor-spacer-inner\"><\/div>\n\t\t<\/div>\n\t\t\t\t<\/div>\n\t\t\t\t<\/div>\n\t\t\t\t<div class=\"elementor-element elementor-element-3f0066b elementor-widget__width-initial bdt-device-slider-align-center elementor-invisible elementor-widget elementor-widget-bdt-device-slider\" data-id=\"3f0066b\" data-element_type=\"widget\" data-settings=\"{&quot;_animation&quot;:&quot;fadeIn&quot;,&quot;_animation_delay&quot;:100}\" data-widget_type=\"bdt-device-slider.default\">\n\t\t\t\t<div class=\"elementor-widget-container\">\n\t\t\t            <div class=\"bdt-device-slider-container\">\n            <div class=\"bdt-device-slider bdt-device-slider-desktop\">\n            <div data-bdt-slideshow=\"{&quot;animation&quot;:&quot;slide&quot;,&quot;ratio&quot;:&quot;1280:720&quot;,&quot;autoplay&quot;:true,&quot;autoplay-interval&quot;:7000,&quot;velocity&quot;:1}\">\n            <div class=\"bdt-position-relative bdt-visible-toggle\">\n            <ul class=\"bdt-slideshow-items\">\n\t\t\t\n                <li class=\"bdt-slideshow-item elementor-repeater-item-0fdfe5d\" >\n\t\t\t\t\t\t\t\t\t\t\t\n\t\t\t\t\t\t\t\t\t\t\t\t\t\n\t\t\t\t\t\t \n\t\t\t\t\t\t\t\t\t\n\t\t\t\t\t\t\t<img decoding=\"async\" src=\"https:\/\/shop.ganalis.com\/wp-content\/uploads\/2023\/08\/carte.png\" alt=\" \" bdt-cover>\n\t\t\t\t\t\t\t \n\t\t\t\t\t\t\t\n\t\t\t\t\t\t\t\t\t\t\t\t\n\t\t\t\t\t\t\t\t\t\t\t\n\t\t\t\t\t\t\t\t\t\t\n\t\t\t\t\t        <div class=\"bdt-slideshow-content-wrapper bdt-position-z-index bdt-position-center bdt-position-large bdt-text-center\">\n\t\t\t\n\t\t\t\n            <\/div>\n\t\t\t                <\/li>\n\t\t\t\n\t\t\t            <\/ul>\n\t\t\t                <a class=\"bdt-navigation-arrows bdt-position-center-left bdt-position-small bdt-hidden-hover\" href=\"#\" data-bdt-slideshow-item=\"previous\">\n\t\t\t\t\t<i class=\"ep-icon-arrow-left-5\" aria-hidden=\"true\"><\/i>\n\t\t\t\t<\/a>\n                <a class=\"bdt-navigation-arrows bdt-position-center-right bdt-position-small bdt-hidden-hover\" href=\"#\" data-bdt-slideshow-item=\"next\">\n\t\t\t\t\t<i class=\"ep-icon-arrow-right-5\" aria-hidden=\"true\"><\/i>\n\t\t\t\t<\/a>\n\t\t\t\t\t\t\n\t\t\t\n\t\t\t            <\/div>\n            <\/div>\n            <div class=\"bdt-device-slider-device\">\n\t\t\t\t\t\t\t\t\t\t\t\t\t\t\t<img decoding=\"async\" src=\"https:\/\/shop.ganalis.com\/wp-content\/plugins\/bdthemes-element-pack\/assets\/images\/devices\/desktop.svg\" alt=\"Device Slider\">\n\t\t\t\t\t\t\t\t\t\n\t\t\t\t\n\t\t\t\t\n            <\/div>\n            <\/div>\n            <\/div>\n\t\t\t\t\t<\/div>\n\t\t\t\t<\/div>\n\t\t\t\t<div class=\"elementor-element elementor-element-7f7e7ca bdt-device-slider-align-center elementor-widget__width-initial elementor-absolute elementor-invisible elementor-widget elementor-widget-bdt-device-slider\" data-id=\"7f7e7ca\" data-element_type=\"widget\" data-settings=\"{&quot;_animation&quot;:&quot;fadeIn&quot;,&quot;_animation_delay&quot;:100,&quot;_position&quot;:&quot;absolute&quot;}\" data-widget_type=\"bdt-device-slider.default\">\n\t\t\t\t<div class=\"elementor-widget-container\">\n\t\t\t            <div class=\"bdt-device-slider-container\">\n            <div class=\"bdt-device-slider bdt-device-slider-iphonex\">\n            <div data-bdt-slideshow=\"{&quot;animation&quot;:&quot;slide&quot;,&quot;ratio&quot;:&quot;600:1280&quot;,&quot;autoplay&quot;:true,&quot;autoplay-interval&quot;:7000,&quot;velocity&quot;:1}\">\n            <div class=\"bdt-position-relative bdt-visible-toggle\">\n            <ul class=\"bdt-slideshow-items\">\n\t\t\t\n                <li class=\"bdt-slideshow-item elementor-repeater-item-f3fb6ee\" >\n\t\t\t\t\t\t\t\t\t\t\t\n\t\t\t\t\t\t\t\t\t\t\t\t\t\n\t\t\t\t\t\t \n\t\t\t\t\t\t\t\t\t\n\t\t\t\t\t\t\t<img decoding=\"async\" src=\"https:\/\/shop.ganalis.com\/wp-content\/uploads\/2023\/08\/Screenshot_1691154046.png\" alt=\" \" bdt-cover>\n\t\t\t\t\t\t\t \n\t\t\t\t\t\t\t\n\t\t\t\t\t\t\t\t\t\t\t\t\n\t\t\t\t\t\t\t\t\t\t\t\n\t\t\t\t\t\t\t\t\t\t\n\t\t\t\t\t        <div class=\"bdt-slideshow-content-wrapper bdt-position-z-index bdt-position-center bdt-position-large bdt-text-center\">\n\t\t\t\n\t\t\t\n            <\/div>\n\t\t\t                <\/li>\n\t\t\t\n\t\t\t            <\/ul>\n\t\t\t                <a class=\"bdt-navigation-arrows bdt-position-center-left bdt-position-small bdt-hidden-hover\" href=\"#\" data-bdt-slideshow-item=\"previous\">\n\t\t\t\t\t<i class=\"ep-icon-arrow-left-5\" aria-hidden=\"true\"><\/i>\n\t\t\t\t<\/a>\n                <a class=\"bdt-navigation-arrows bdt-position-center-right bdt-position-small bdt-hidden-hover\" href=\"#\" data-bdt-slideshow-item=\"next\">\n\t\t\t\t\t<i class=\"ep-icon-arrow-right-5\" aria-hidden=\"true\"><\/i>\n\t\t\t\t<\/a>\n\t\t\t\t\t\t\n\t\t\t\n\t\t\t            <\/div>\n            <\/div>\n            <div class=\"bdt-device-slider-device\">\n\t\t\t\t\t\t\t\t\t\t\t\t\t\t\t<img decoding=\"async\" src=\"https:\/\/shop.ganalis.com\/wp-content\/plugins\/bdthemes-element-pack\/assets\/images\/devices\/iphonex.svg\" alt=\"Device Slider\">\n\t\t\t\t\t\t\t\t\t\n\t\t\t\t\n\t\t\t\t\n            <\/div>\n            <\/div>\n            <\/div>\n\t\t\t\t\t<\/div>\n\t\t\t\t<\/div>\n\t\t\t\t<div class=\"elementor-element elementor-element-1db05a7 elementor-widget__width-initial elementor-widget elementor-widget-bdt-accordion\" data-id=\"1db05a7\" data-element_type=\"widget\" data-widget_type=\"bdt-accordion.default\">\n\t\t\t\t<div class=\"elementor-widget-container\">\n\t\t\t        <div class=\"bdt-ep-accordion-container\">\r\n            <div id=\"bdt-ep-accordion-1db05a7\" class=\"bdt-ep-accordion bdt-accordion\" data-bdt-accordion=\"{&quot;collapsible&quot;:true,&quot;multiple&quot;:false,&quot;transition&quot;:&quot;ease-in-out&quot;}\" data-settings=\"{&quot;id&quot;:&quot;bdt-ep-accordion-1db05a7&quot;,&quot;activeHash&quot;:&quot;no&quot;,&quot;activeScrollspy&quot;:null,&quot;hashTopOffset&quot;:false,&quot;hashScrollspyTime&quot;:false}\">\r\n                                    <div class=\"bdt-ep-accordion-item bdt-open\">\r\n                        <div class=\"bdt-ep-accordion-title bdt-accordion-title bdt-flex bdt-flex-middle bdt-flex-between\" id=\"bdt-ep-accordion-a-propos-de-ganalis-shop\" data-accordion-index=\"0\" data-title=\"a-propos-de-ganalis-shop\" role=\"heading\">\r\n\r\n                                                            <span class=\"bdt-ep-accordion-icon bdt-flex-align-right\" aria-hidden=\"true\">\r\n\r\n                                                                            <span class=\"bdt-ep-accordion-icon-closed\">\r\n                                            <i aria-hidden=\"true\" class=\"fa-fw fas fa-plus\"><\/i>                                        <\/span>\r\n                                    \r\n                                                                            <span class=\"bdt-ep-accordion-icon-opened\">\r\n                                            <i aria-hidden=\"true\" class=\"fa-fw fas fa-minus\"><\/i>                                        <\/span>\r\n                                    \r\n                                <\/span>\r\n                            \r\n                            <span class=\"bdt-ep-title-text bdt-flex bdt-flex-middle\">\r\n\r\n                                                                A  propos de Ganalis Shop                            <\/span>\r\n\r\n                        <\/div>\r\n                        <div class=\"bdt-ep-accordion-content bdt-accordion-content\">\r\n                            <p>Chez Ganalis , nous croyons que la gestion de stock ne devrait jamais \u00eatre un obstacle \u00e0 votre croissance. C&rsquo;est pourquoi nous avons cr\u00e9\u00e9 une solution qui met l&rsquo;accent sur la simplicit\u00e9, la personnalisation et l&rsquo;innovation. Avec des fonctionnalit\u00e9s avanc\u00e9es telles que la gestion des produits, des ventes, des fournisseurs et bien plus encore, notre plateforme vous permet de rester ma\u00eetre de votre inventaire tout en offrant une exp\u00e9rience client exceptionnelle.<\/p><p>Que vous soyez une petite entreprise en pleine croissance ou une entreprise \u00e9tablie, Ganalis Shop s&rsquo;adapte \u00e0 vos besoins. Notre objectif est de lib\u00e9rer votre temps et votre \u00e9nergie afin que vous puissiez vous concentrer sur ce qui compte vraiment : d\u00e9velopper votre activit\u00e9 et satisfaire vos clients.<\/p>                        <\/div>\r\n                    <\/div>\r\n                                    <div class=\"bdt-ep-accordion-item\">\r\n                        <div class=\"bdt-ep-accordion-title bdt-accordion-title bdt-flex bdt-flex-middle bdt-flex-between\" id=\"bdt-ep-accordion-a-propos-de-ganalis\" data-accordion-index=\"1\" data-title=\"a-propos-de-ganalis\" role=\"heading\">\r\n\r\n                                                            <span class=\"bdt-ep-accordion-icon bdt-flex-align-right\" aria-hidden=\"true\">\r\n\r\n                                                                            <span class=\"bdt-ep-accordion-icon-closed\">\r\n                                            <i aria-hidden=\"true\" class=\"fa-fw fas fa-plus\"><\/i>                                        <\/span>\r\n                                    \r\n                                                                            <span class=\"bdt-ep-accordion-icon-opened\">\r\n                                            <i aria-hidden=\"true\" class=\"fa-fw fas fa-minus\"><\/i>                                        <\/span>\r\n                                    \r\n                                <\/span>\r\n                            \r\n                            <span class=\"bdt-ep-title-text bdt-flex bdt-flex-middle\">\r\n\r\n                                                                A propos de Ganalis                            <\/span>\r\n\r\n                        <\/div>\r\n                        <div class=\"bdt-ep-accordion-content bdt-accordion-content\">\r\n                            <p>Bienvenue dans l&rsquo;univers de Ganalis, l&rsquo;entreprise passionn\u00e9e derri\u00e8re le d\u00e9veloppement de Ganalis Shop. Fond\u00e9e avec la vision de simplifier la gestion commerciale, Ganalis s&rsquo;est engag\u00e9e \u00e0 cr\u00e9er des solutions technologiques innovantes qui facilitent la vie des entrepreneurs et des professionnels.<\/p><p>Notre \u00e9quipe diversifi\u00e9e de experts en technologie et en affaires travaille avec d\u00e9vouement pour cr\u00e9er des logiciels intuitifs et puissants qui r\u00e9pondent aux besoins vari\u00e9s de nos clients. Avec une solide expertise dans le domaine de la gestion de stock et de l&rsquo;automatisation des processus, nous sommes fiers de mettre en avant des produits comme Ganalis Shop, con\u00e7us pour optimiser les op\u00e9rations et lib\u00e9rer le potentiel des entreprises.<\/p><p>Chez Ganalis, notre engagement envers l&rsquo;excellence se refl\u00e8te dans chaque aspect de notre travail. Nous combinons une approche centr\u00e9e sur le client avec des innovations techniques de pointe pour offrir des solutions de gestion de stock qui permettent \u00e0 nos clients de prosp\u00e9rer dans un monde en constante \u00e9volution.<\/p>                        <\/div>\r\n                    <\/div>\r\n                                    <div class=\"bdt-ep-accordion-item\">\r\n                        <div class=\"bdt-ep-accordion-title bdt-accordion-title bdt-flex bdt-flex-middle bdt-flex-between\" id=\"bdt-ep-accordion-en-conclusion\" data-accordion-index=\"2\" data-title=\"en-conclusion\" role=\"heading\">\r\n\r\n                                                            <span class=\"bdt-ep-accordion-icon bdt-flex-align-right\" aria-hidden=\"true\">\r\n\r\n                                                                            <span class=\"bdt-ep-accordion-icon-closed\">\r\n                                            <i aria-hidden=\"true\" class=\"fa-fw fas fa-plus\"><\/i>                                        <\/span>\r\n                                    \r\n                                                                            <span class=\"bdt-ep-accordion-icon-opened\">\r\n                                            <i aria-hidden=\"true\" class=\"fa-fw fas fa-minus\"><\/i>                                        <\/span>\r\n                                    \r\n                                <\/span>\r\n                            \r\n                            <span class=\"bdt-ep-title-text bdt-flex bdt-flex-middle\">\r\n\r\n                                                                En conclusion                            <\/span>\r\n\r\n                        <\/div>\r\n                        <div class=\"bdt-ep-accordion-content bdt-accordion-content\">\r\n                            <p>Rejoignez-nous d\u00e8s aujourd&rsquo;hui et d\u00e9couvrez comment Ganalis Shop peut transformer la gestion de votre stock en une exp\u00e9rience fluide, efficace et gratifiante. Faites un pas vers l&rsquo;avenir de la gestion commerciale avec Ganalis Shop &#8211; l\u00e0 o\u00f9 la simplicit\u00e9 rencontre l&rsquo;excellence.<\/p>                        <\/div>\r\n                    <\/div>\r\n                            <\/div>\r\n        <\/div>\r\n    \t\t<\/div>\n\t\t\t\t<\/div>\n\t\t\t\t\t<\/div>\n\t\t<\/div>\n\t\t\t\t\t\t\t<\/div>\n\t\t<\/section>\n\t\t\t\t\t\t\t<\/div>","protected":false},"excerpt":{"rendered":"<p>A propos de Ganalis Shop A propos de Ganalis Shop Chez Ganalis , nous croyons que la gestion de stock ne devrait jamais \u00eatre un obstacle \u00e0 votre croissance. C&#8217;est pourquoi nous avons cr\u00e9\u00e9 une solution qui met l&#8217;accent sur la simplicit\u00e9, la personnalisation et l&#8217;innovation. Avec des fonctionnalit\u00e9s avanc\u00e9es telles que la gestion des [&hellip;]<\/p>","protected":false},"author":1,"featured_media":0,"parent":0,"menu_order":0,"comment_status":"closed","ping_status":"closed","template":"","meta":[],"yoast_head":"<!-- This site is optimized with the Yoast SEO plugin v20.12 - https:\/\/yoast.com\/wordpress\/plugins\/seo\/ -->\n<title>A propos - Ganalis Shop<\/title>\n<meta name=\"robots\" content=\"index, follow, max-snippet:-1, max-image-preview:large, max-video-preview:-1\" \/>\n<link rel=\"canonical\" href=\"https:\/\/shop.ganalis.com\/en\/a-propos\/\" \/>\n<meta property=\"og:locale\" content=\"en_US\" \/>\n<meta property=\"og:type\" content=\"article\" \/>\n<meta property=\"og:title\" content=\"A propos - Ganalis Shop\" \/>\n<meta property=\"og:description\" content=\"A propos de Ganalis Shop A propos de Ganalis Shop Chez Ganalis , nous croyons que la gestion de stock ne devrait jamais \u00eatre un obstacle \u00e0 votre croissance. C&#8217;est pourquoi nous avons cr\u00e9\u00e9 une solution qui met l&#8217;accent sur la simplicit\u00e9, la personnalisation et l&#8217;innovation. Avec des fonctionnalit\u00e9s avanc\u00e9es telles que la gestion des [&hellip;]\" \/>\n<meta property=\"og:url\" content=\"https:\/\/shop.ganalis.com\/en\/a-propos\/\" \/>\n<meta property=\"og:site_name\" content=\"Ganalis Shop\" \/>\n<meta property=\"article:modified_time\" content=\"2023-08-09T15:18:36+00:00\" \/>\n<meta property=\"og:image\" content=\"https:\/\/shop.ganalis.com\/wp-content\/uploads\/2023\/08\/carte.png\" \/>\n<meta name=\"twitter:card\" content=\"summary_large_image\" \/>\n<meta name=\"twitter:label1\" content=\"Est. reading time\" \/>\n\t<meta name=\"twitter:data1\" content=\"3 minutes\" \/>\n<script type=\"application\/ld+json\" class=\"yoast-schema-graph\">{\"@context\":\"https:\/\/schema.org\",\"@graph\":[{\"@type\":\"WebPage\",\"@id\":\"https:\/\/shop.ganalis.com\/a-propos\/\",\"url\":\"https:\/\/shop.ganalis.com\/a-propos\/\",\"name\":\"A propos - Ganalis Shop\",\"isPartOf\":{\"@id\":\"https:\/\/shop.ganalis.com\/#website\"},\"datePublished\":\"2023-08-08T13:21:07+00:00\",\"dateModified\":\"2023-08-09T15:18:36+00:00\",\"breadcrumb\":{\"@id\":\"https:\/\/shop.ganalis.com\/a-propos\/#breadcrumb\"},\"inLanguage\":\"en-US\",\"potentialAction\":[{\"@type\":\"ReadAction\",\"target\":[\"https:\/\/shop.ganalis.com\/a-propos\/\"]}]},{\"@type\":\"BreadcrumbList\",\"@id\":\"https:\/\/shop.ganalis.com\/a-propos\/#breadcrumb\",\"itemListElement\":[{\"@type\":\"ListItem\",\"position\":1,\"name\":\"Accueil\",\"item\":\"https:\/\/shop.ganalis.com\/\"},{\"@type\":\"ListItem\",\"position\":2,\"name\":\"A propos\"}]},{\"@type\":\"WebSite\",\"@id\":\"https:\/\/shop.ganalis.com\/#website\",\"url\":\"https:\/\/shop.ganalis.com\/\",\"name\":\"Ganalis Shop\",\"description\":\"\",\"publisher\":{\"@id\":\"https:\/\/shop.ganalis.com\/#organization\"},\"potentialAction\":[{\"@type\":\"SearchAction\",\"target\":{\"@type\":\"EntryPoint\",\"urlTemplate\":\"https:\/\/shop.ganalis.com\/?s={search_term_string}\"},\"query-input\":\"required name=search_term_string\"}],\"inLanguage\":\"en-US\"},{\"@type\":\"Organization\",\"@id\":\"https:\/\/shop.ganalis.com\/#organization\",\"name\":\"Ganalis Shop\",\"url\":\"https:\/\/shop.ganalis.com\/\",\"logo\":{\"@type\":\"ImageObject\",\"inLanguage\":\"en-US\",\"@id\":\"https:\/\/shop.ganalis.com\/#\/schema\/logo\/image\/\",\"url\":\"https:\/\/shop.ganalis.com\/wp-content\/uploads\/2023\/08\/logo-shop2.svg\",\"contentUrl\":\"https:\/\/shop.ganalis.com\/wp-content\/uploads\/2023\/08\/logo-shop2.svg\",\"width\":1447,\"height\":347,\"caption\":\"Ganalis Shop\"},\"image\":{\"@id\":\"https:\/\/shop.ganalis.com\/#\/schema\/logo\/image\/\"}}]}<\/script>\n<!-- \/ Yoast SEO plugin. -->","yoast_head_json":{"title":"A propos - Ganalis Shop","robots":{"index":"index","follow":"follow","max-snippet":"max-snippet:-1","max-image-preview":"max-image-preview:large","max-video-preview":"max-video-preview:-1"},"canonical":"https:\/\/shop.ganalis.com\/en\/a-propos\/","og_locale":"en_US","og_type":"article","og_title":"A propos - Ganalis Shop","og_description":"A propos de Ganalis Shop A propos de Ganalis Shop Chez Ganalis , nous croyons que la gestion de stock ne devrait jamais \u00eatre un obstacle \u00e0 votre croissance. C&#8217;est pourquoi nous avons cr\u00e9\u00e9 une solution qui met l&#8217;accent sur la simplicit\u00e9, la personnalisation et l&#8217;innovation. Avec des fonctionnalit\u00e9s avanc\u00e9es telles que la gestion des [&hellip;]","og_url":"https:\/\/shop.ganalis.com\/en\/a-propos\/","og_site_name":"Ganalis Shop","article_modified_time":"2023-08-09T15:18:36+00:00","og_image":[{"url":"https:\/\/shop.ganalis.com\/wp-content\/uploads\/2023\/08\/carte.png"}],"twitter_card":"summary_large_image","twitter_misc":{"Est. reading time":"3 minutes"},"schema":{"@context":"https:\/\/schema.org","@graph":[{"@type":"WebPage","@id":"https:\/\/shop.ganalis.com\/a-propos\/","url":"https:\/\/shop.ganalis.com\/a-propos\/","name":"A propos - Ganalis Shop","isPartOf":{"@id":"https:\/\/shop.ganalis.com\/#website"},"datePublished":"2023-08-08T13:21:07+00:00","dateModified":"2023-08-09T15:18:36+00:00","breadcrumb":{"@id":"https:\/\/shop.ganalis.com\/a-propos\/#breadcrumb"},"inLanguage":"en-US","potentialAction":[{"@type":"ReadAction","target":["https:\/\/shop.ganalis.com\/a-propos\/"]}]},{"@type":"BreadcrumbList","@id":"https:\/\/shop.ganalis.com\/a-propos\/#breadcrumb","itemListElement":[{"@type":"ListItem","position":1,"name":"Accueil","item":"https:\/\/shop.ganalis.com\/"},{"@type":"ListItem","position":2,"name":"A propos"}]},{"@type":"WebSite","@id":"https:\/\/shop.ganalis.com\/#website","url":"https:\/\/shop.ganalis.com\/","name":"Ganalis Shop","description":"","publisher":{"@id":"https:\/\/shop.ganalis.com\/#organization"},"potentialAction":[{"@type":"SearchAction","target":{"@type":"EntryPoint","urlTemplate":"https:\/\/shop.ganalis.com\/?s={search_term_string}"},"query-input":"required name=search_term_string"}],"inLanguage":"en-US"},{"@type":"Organization","@id":"https:\/\/shop.ganalis.com\/#organization","name":"Ganalis Shop","url":"https:\/\/shop.ganalis.com\/","logo":{"@type":"ImageObject","inLanguage":"en-US","@id":"https:\/\/shop.ganalis.com\/#\/schema\/logo\/image\/","url":"https:\/\/shop.ganalis.com\/wp-content\/uploads\/2023\/08\/logo-shop2.svg","contentUrl":"https:\/\/shop.ganalis.com\/wp-content\/uploads\/2023\/08\/logo-shop2.svg","width":1447,"height":347,"caption":"Ganalis Shop"},"image":{"@id":"https:\/\/shop.ganalis.com\/#\/schema\/logo\/image\/"}}]}},"_links":{"self":[{"href":"https:\/\/shop.ganalis.com\/en\/wp-json\/wp\/v2\/pages\/1610"}],"collection":[{"href":"https:\/\/shop.ganalis.com\/en\/wp-json\/wp\/v2\/pages"}],"about":[{"href":"https:\/\/shop.ganalis.com\/en\/wp-json\/wp\/v2\/types\/page"}],"author":[{"embeddable":true,"href":"https:\/\/shop.ganalis.com\/en\/wp-json\/wp\/v2\/users\/1"}],"replies":[{"embeddable":true,"href":"https:\/\/shop.ganalis.com\/en\/wp-json\/wp\/v2\/comments?post=1610"}],"version-history":[{"count":19,"href":"https:\/\/shop.ganalis.com\/en\/wp-json\/wp\/v2\/pages\/1610\/revisions"}],"predecessor-version":[{"id":2122,"href":"https:\/\/shop.ganalis.com\/en\/wp-json\/wp\/v2\/pages\/1610\/revisions\/2122"}],"wp:attachment":[{"href":"https:\/\/shop.ganalis.com\/en\/wp-json\/wp\/v2\/media?parent=1610"}],"curies":[{"name":"wp","href":"https:\/\/api.w.org\/{rel}","templated":true}]}}